{"id":1179,"date":"2025-05-14T21:59:04","date_gmt":"2025-05-14T19:59:04","guid":{"rendered":"https:\/\/deutsch-richtig.de\/?page_id=1179"},"modified":"2026-01-13T12:28:04","modified_gmt":"2026-01-13T11:28:04","slug":"projekt-komlab","status":"publish","type":"page","link":"https:\/\/deutsch-richtig.de\/einfache_sprache\/projekte\/projekt-komlab\/","title":{"rendered":"Projekt KomLab"},"content":{"rendered":"<h1>\n\t\t\tDas Projekt KomLab\t<\/h1>\n\t<p>Seit dem Start im <strong>Februar 2024<\/strong> hat das Projekt KomLab sich als begr\u00fc\u00dfenswerte L\u00f6sung erwiesen f\u00fcr Familien, die Unterst\u00fctzung bei der Bew\u00e4ltigung von Herausforderungen brauchen. KomLab setzt auf anpassungsf\u00e4hige Ans\u00e4tze wie <strong>Beratung, Vermittlung, Coaching<\/strong> und <strong>Sprachcaf\u00e9<\/strong>. Bei jedem einzelnen Fall werden die einzigartigen Zusammenh\u00e4nge ber\u00fccksichtigt und passende L\u00f6sungen gesucht. Wenn das KomLab-Team den Fall selbst l\u00f6sen kann, dann geht es in die Beratung vor Ort. Wenn nicht, dann werden entsprechende Stellen gefunden, die weiterhelfen k\u00f6nnen. Somit greifen Beratung und Vermittlung gut ineinander \u00fcber.<\/p>\n<p>Besonders erfreulich ist, dass es immer wieder gelingt, <strong>Menschen dabei zu helfen, Arbeit zu finden<\/strong>. An allen drei Standorten konnte Betroffenen geholfen werden, eine f\u00fcr sie passende Besch\u00e4ftigung zu finden. Dies geschieht in mehreren Schritten. Zun\u00e4chst werden die F\u00e4higkeiten betrachtet, dann die Bewerbungsunterlagen erstellt und schlie\u00dflich der Bewerbungsprozess durchgef\u00fchrt. Das Coaching verteilt sich \u00fcber mehrere Sitzungen, die flexibel terminiert werden.<\/p>\n<p>Ebenfalls begr\u00fc\u00dfenswert sind die besonderen Merkmale, die sich an den Standorten kristallisiert haben. In Ludwigsburg ist das Sprachcaf\u00e9 fester Bestandteil des Angebots und es wird sehr gut angenommen. Im Sprachcaf\u00e9 finden sich mehrmals pro Woche Menschen ein, die ihre Sprachfertigkeiten \u00fcben und verbessern wollen. Schwieberdingen bietet mit dem Elterntreff die M\u00f6glichkeit, sich als Familie zu begegnen und auszutauschen. Am Standort Vaihingen an der Enz k\u00f6nnen Betroffene betreut werden, w\u00e4hrend sich um ihre Kinder gek\u00fcmmert wird.<\/p>\n<p>Ein motiviertes Team, eine konstruktive Zusammenarbeit mit den Netzwerkpartnern und die gesunde Balance zwischen Theorie\/Idealismus und Praxis\/Realismus haben sich als Erfolgsrezept erwiesen.<\/p>\n\t\t\t<a href=\"https:\/\/kinderbetreuung-spatzennest.de\/komlab\/\" target=\"_blank\" rel=\"noopener\">\n\t\t\t\t\t\tWeitere Informationen zu KomLab\n\t\t\t\t\t<\/a>\n\t<h2>Das Projekt \u201eKomLab&#8221; wird im Rahmen des Programms \u201eAkti(F) Plus &#8211; Aktiv f\u00fcr Familien und ihre Kinder&#8221; durch das Bundesministerium f\u00fcr Arbeit und Soziales und die Europ\u00e4ische Union \u00fcber den Europ\u00e4ischen Sozialfonds Plus (ESF Plus) gef\u00f6rdert.<\/h2>\n\t\t\t\t<img decoding=\"async\" src=\"https:\/\/deutsch-richtig.de\/wp-content\/uploads\/2025\/05\/BMAS_EU_Foerderlogo-Kombi.jpg\" alt=\"BMAS_EU_Foerderlogo-Kombi\" itemprop=\"image\" height=\"265\" width=\"574\" title=\"BMAS_EU_Foerderlogo-Kombi\" onerror=\"this.style.display='none'\" loading=\"lazy\" \/>","protected":false},"excerpt":{"rendered":"<p>Das Projekt KomLab Seit dem Start im Februar 2024 hat das Projekt KomLab sich als begr\u00fc\u00dfenswerte L\u00f6sung erwiesen f\u00fcr Familien, die Unterst\u00fctzung bei der Bew\u00e4ltigung von Herausforderungen brauchen. KomLab setzt auf anpassungsf\u00e4hige Ans\u00e4tze wie Beratung, Vermittlung, Coaching und Sprachcaf\u00e9. Bei jedem einzelnen Fall werden die einzigartigen Zusammenh\u00e4nge ber\u00fccksichtigt und passende L\u00f6sungen gesucht. Wenn das KomLab-Team [&hellip;]<\/p>","protected":false},"author":1,"featured_media":0,"parent":860,"menu_order":3,"comment_status":"closed","ping_status":"closed","template":"","meta":{"site-sidebar-layout":"no-sidebar","site-content-layout":"page-builder","ast-site-content-layout":"full-width-container","site-content-style":"unboxed","site-sidebar-style":"unboxed","ast-global-header-display":"","ast-banner-title-visibility":"","ast-main-header-display":"","ast-hfb-above-header-display":"","ast-hfb-below-header-display":"","ast-hfb-mobile-header-display":"","site-post-title":"disabled","ast-breadcrumbs-content":"","ast-featured-img":"disabled","footer-sml-layout":"","theme-transparent-header-meta":"default","adv-header-id-meta":"","stick-header-meta":"default","header-above-stick-meta":"","header-main-stick-meta":"","header-below-stick-meta":"","astra-migrate-meta-layouts":"set","ast-page-background-enabled":"default","ast-page-background-meta":{"desktop":{"background-color":"","background-image":"","background-repeat":"repeat","background-position":"center center","background-size":"auto","background-attachment":"scroll","background-type":"","background-media":"","overlay-type":"","overlay-color":"","overlay-opacity":"","overlay-gradient":""},"tablet":{"background-color":"","background-image":"","background-repeat":"repeat","background-position":"center center","background-size":"auto","background-attachment":"scroll","background-type":"","background-media":"","overlay-type":"","overlay-color":"","overlay-opacity":"","overlay-gradient":""},"mobile":{"background-color":"","background-image":"","background-repeat":"repeat","background-position":"center center","background-size":"auto","background-attachment":"scroll","background-type":"","background-media":"","overlay-type":"","overlay-color":"","overlay-opacity":"","overlay-gradient":""}},"ast-content-background-meta":{"desktop":{"background-color":"var(--ast-global-color-5)","background-image":"","background-repeat":"repeat","background-position":"center center","background-size":"auto","background-attachment":"scroll","background-type":"","background-media":"","overlay-type":"","overlay-color":"","overlay-opacity":"","overlay-gradient":""},"tablet":{"background-color":"var(--ast-global-color-5)","background-image":"","background-repeat":"repeat","background-position":"center center","background-size":"auto","background-attachment":"scroll","background-type":"","background-media":"","overlay-type":"","overlay-color":"","overlay-opacity":"","overlay-gradient":""},"mobile":{"background-color":"var(--ast-global-color-5)","background-image":"","background-repeat":"repeat","background-position":"center center","background-size":"auto","background-attachment":"scroll","background-type":"","background-media":"","overlay-type":"","overlay-color":"","overlay-opacity":"","overlay-gradient":""}},"footnotes":""},"class_list":["post-1179","page","type-page","status-publish","hentry"],"_links":{"self":[{"href":"https:\/\/deutsch-richtig.de\/einfache_sprache\/wp-json\/wp\/v2\/pages\/1179","targetHints":{"allow":["GET"]}}],"collection":[{"href":"https:\/\/deutsch-richtig.de\/einfache_sprache\/wp-json\/wp\/v2\/pages"}],"about":[{"href":"https:\/\/deutsch-richtig.de\/einfache_sprache\/wp-json\/wp\/v2\/types\/page"}],"author":[{"embeddable":true,"href":"https:\/\/deutsch-richtig.de\/einfache_sprache\/wp-json\/wp\/v2\/users\/1"}],"replies":[{"embeddable":true,"href":"https:\/\/deutsch-richtig.de\/einfache_sprache\/wp-json\/wp\/v2\/comments?post=1179"}],"version-history":[{"count":5,"href":"https:\/\/deutsch-richtig.de\/einfache_sprache\/wp-json\/wp\/v2\/pages\/1179\/revisions"}],"predecessor-version":[{"id":1318,"href":"https:\/\/deutsch-richtig.de\/einfache_sprache\/wp-json\/wp\/v2\/pages\/1179\/revisions\/1318"}],"up":[{"embeddable":true,"href":"https:\/\/deutsch-richtig.de\/einfache_sprache\/wp-json\/wp\/v2\/pages\/860"}],"wp:attachment":[{"href":"https:\/\/deutsch-richtig.de\/einfache_sprache\/wp-json\/wp\/v2\/media?parent=1179"}],"curies":[{"name":"wp","href":"https:\/\/api.w.org\/{rel}","templated":true}]}}