{"id":1371,"date":"2026-02-17T15:07:34","date_gmt":"2026-02-17T14:07:34","guid":{"rendered":"https:\/\/deutsch-richtig.de\/?page_id=1371"},"modified":"2026-02-18T15:48:31","modified_gmt":"2026-02-18T14:48:31","slug":"gbz","status":"publish","type":"page","link":"https:\/\/deutsch-richtig.de\/einfache_sprache\/projekte\/gbz\/","title":{"rendered":"GBZ"},"content":{"rendered":"<h1>\n\t\t\tGrundbildungszentrum (GBZ) Ludwigsburg\t<\/h1>\n\t<p>Das 2025 in Ludwigsburg eingerichtete GBZ hat sich zu einem gut frequentierten Bildungs- und Begegnungsort entwickelt. Wie auch das Projekt KomLab befindet sich das GBZ in der Myliusstra\u00dfe 13 in Ludwigsburg, direkt am Bahnhof.<\/p>\n<p><strong>Grundbildung f\u00fcr alle Menschen.<\/strong><\/p>\n<p>Das GBZ richtet sich an <strong>Erwachsene mit Unterst\u00fctzungsbedarf in den Bereichen Lesen, Schreiben und Sprache<\/strong>. In allen Kursen wird zudem die Anwendung digitaler Grundkenntnisse vermittelt, um die Teilnehmenden auf Anforderungen im Alltag, im Kontakt mit Beh\u00f6rden sowie im Berufsleben vorzubereiten.<\/p>\n<p><strong>Die Bildungsangebote sind praxisnah aufgebaut und orientieren sich an unterschiedlichen Lernniveaus.<\/strong><\/p>\n<p>Erg\u00e4nzend zu den Kursangeboten finden im Grundbildungszentrum<strong> Beratungen durch das LNWBB (Landesnetzwerk Weiterbildungsberatung Baden-W\u00fcrttemberg)<\/strong> statt. Dieses Netzwerk unterst\u00fctzt Teilnehmende und Interessierte bei Fragen zu Weiterbildung, beruflicher Orientierung und m\u00f6glichen Bildungswegen.<\/p>\n<p>Ein zentrales Angebot des GBZ ist das <strong>Demokratiefr\u00fchst\u00fcck<\/strong>, das alle zwei Wochen im Grundbildungszentrum stattfindet. Das offene Begegnungsformat st\u00f6\u00dft auf gro\u00dfes Interesse und bietet Raum f\u00fcr Austausch, Dialog und gelebte Demokratie &#8211; niedrigschwellig, ohne Anmeldung und offen f\u00fcr alle.<\/p>\n\t\t\t<a href=\"https:\/\/kinderbetreuung-spatzennest.de\/grundbildungszentrum\/\" target=\"_blank\" rel=\"noopener\">\n\t\t\t\t\t\tWeitere Informationen zu GBZ\n\t\t\t\t\t<\/a>\n\t\t\t\t<img decoding=\"async\" src=\"https:\/\/deutsch-richtig.de\/wp-content\/uploads\/2026\/02\/1.png\" alt=\"1\" itemprop=\"image\" height=\"265\" width=\"574\" title=\"1\" onerror=\"this.style.display='none'\" loading=\"lazy\" \/>\n\t\t\t\t<img decoding=\"async\" src=\"https:\/\/deutsch-richtig.de\/wp-content\/uploads\/2026\/02\/2.png\" alt=\"2\" itemprop=\"image\" height=\"265\" width=\"574\" title=\"2\" onerror=\"this.style.display='none'\" loading=\"lazy\" \/>","protected":false},"excerpt":{"rendered":"<p>Grundbildungszentrum (GBZ) Ludwigsburg Das 2025 in Ludwigsburg eingerichtete GBZ hat sich zu einem gut frequentierten Bildungs- und Begegnungsort entwickelt. Wie auch das Projekt KomLab befindet sich das GBZ in der Myliusstra\u00dfe 13 in Ludwigsburg, direkt am Bahnhof. Grundbildung f\u00fcr alle Menschen. Das GBZ richtet sich an Erwachsene mit Unterst\u00fctzungsbedarf in den Bereichen Lesen, Schreiben und [&hellip;]<\/p>","protected":false},"author":9,"featured_media":0,"parent":860,"menu_order":3,"comment_status":"closed","ping_status":"closed","template":"","meta":{"site-sidebar-layout":"no-sidebar","site-content-layout":"page-builder","ast-site-content-layout":"full-width-container","site-content-style":"unboxed","site-sidebar-style":"unboxed","ast-global-header-display":"","ast-banner-title-visibility":"","ast-main-header-display":"","ast-hfb-above-header-display":"","ast-hfb-below-header-display":"","ast-hfb-mobile-header-display":"","site-post-title":"disabled","ast-breadcrumbs-content":"","ast-featured-img":"disabled","footer-sml-layout":"","theme-transparent-header-meta":"default","adv-header-id-meta":"","stick-header-meta":"default","header-above-stick-meta":"","header-main-stick-meta":"","header-below-stick-meta":"","astra-migrate-meta-layouts":"set","ast-page-background-enabled":"default","ast-page-background-meta":{"desktop":{"background-color":"","background-image":"","background-repeat":"repeat","background-position":"center center","background-size":"auto","background-attachment":"scroll","background-type":"","background-media":"","overlay-type":"","overlay-color":"","overlay-opacity":"","overlay-gradient":""},"tablet":{"background-color":"","background-image":"","background-repeat":"repeat","background-position":"center center","background-size":"auto","background-attachment":"scroll","background-type":"","background-media":"","overlay-type":"","overlay-color":"","overlay-opacity":"","overlay-gradient":""},"mobile":{"background-color":"","background-image":"","background-repeat":"repeat","background-position":"center center","background-size":"auto","background-attachment":"scroll","background-type":"","background-media":"","overlay-type":"","overlay-color":"","overlay-opacity":"","overlay-gradient":""}},"ast-content-background-meta":{"desktop":{"background-color":"var(--ast-global-color-5)","background-image":"","background-repeat":"repeat","background-position":"center center","background-size":"auto","background-attachment":"scroll","background-type":"","background-media":"","overlay-type":"","overlay-color":"","overlay-opacity":"","overlay-gradient":""},"tablet":{"background-color":"var(--ast-global-color-5)","background-image":"","background-repeat":"repeat","background-position":"center center","background-size":"auto","background-attachment":"scroll","background-type":"","background-media":"","overlay-type":"","overlay-color":"","overlay-opacity":"","overlay-gradient":""},"mobile":{"background-color":"var(--ast-global-color-5)","background-image":"","background-repeat":"repeat","background-position":"center center","background-size":"auto","background-attachment":"scroll","background-type":"","background-media":"","overlay-type":"","overlay-color":"","overlay-opacity":"","overlay-gradient":""}},"footnotes":""},"class_list":["post-1371","page","type-page","status-publish","hentry"],"_links":{"self":[{"href":"https:\/\/deutsch-richtig.de\/einfache_sprache\/wp-json\/wp\/v2\/pages\/1371","targetHints":{"allow":["GET"]}}],"collection":[{"href":"https:\/\/deutsch-richtig.de\/einfache_sprache\/wp-json\/wp\/v2\/pages"}],"about":[{"href":"https:\/\/deutsch-richtig.de\/einfache_sprache\/wp-json\/wp\/v2\/types\/page"}],"author":[{"embeddable":true,"href":"https:\/\/deutsch-richtig.de\/einfache_sprache\/wp-json\/wp\/v2\/users\/9"}],"replies":[{"embeddable":true,"href":"https:\/\/deutsch-richtig.de\/einfache_sprache\/wp-json\/wp\/v2\/comments?post=1371"}],"version-history":[{"count":9,"href":"https:\/\/deutsch-richtig.de\/einfache_sprache\/wp-json\/wp\/v2\/pages\/1371\/revisions"}],"predecessor-version":[{"id":1395,"href":"https:\/\/deutsch-richtig.de\/einfache_sprache\/wp-json\/wp\/v2\/pages\/1371\/revisions\/1395"}],"up":[{"embeddable":true,"href":"https:\/\/deutsch-richtig.de\/einfache_sprache\/wp-json\/wp\/v2\/pages\/860"}],"wp:attachment":[{"href":"https:\/\/deutsch-richtig.de\/einfache_sprache\/wp-json\/wp\/v2\/media?parent=1371"}],"curies":[{"name":"wp","href":"https:\/\/api.w.org\/{rel}","templated":true}]}}