{"id":192,"date":"2021-06-24T15:37:59","date_gmt":"2021-06-24T13:37:59","guid":{"rendered":"https:\/\/deutsch-richtig.de\/?page_id=192"},"modified":"2025-08-07T21:01:33","modified_gmt":"2025-08-07T19:01:33","slug":"fragen-antworten","status":"publish","type":"page","link":"https:\/\/deutsch-richtig.de\/einfache_sprache\/fragen-antworten\/","title":{"rendered":"Fragen &#038; Antworten"},"content":{"rendered":"<h2>\n\t\tFragen &#038; Antworten\n\t<\/h2>\n\t\t\t\tIch m\u00f6chte den Weg zu Deutsch-richtig finden\n\t\t\t\t<p><strong>Unsere Adresse ist:<\/strong><br \/>Deutsch-richtig<br \/>Netzestra\u00dfe 32<br \/>71638 Ludwigsburg<\/p>\n<p>Sie brauchen 10-15 Minuten <strong>vom ZOB Ludwigsburg<\/strong>:<\/p>\n<ul>\n<li>mit dem Bus <strong>427<\/strong> (Netzestra\u00dfe oder Theo-Lorch Werkst\u00e4tten)<\/li>\n<li>mit dem Bus <strong>533<\/strong> (Theo-Lorch Werkst\u00e4tten).<\/li>\n<\/ul>\n<p>Von der Bushaltestelle k\u00f6nnen Sie in zwei Minuten zu uns kommen. Wir sind direkt neben ALDI.<\/p>\n<p><a href=\"https:\/\/www.google.com\/maps\/dir\/\/Sprachschule+Deutsch-richtig+Netzestra%C3%9Fe+32+71638+Ludwigsburg\/@48.8791291,9.2190344,16z\/data=!4m8!4m7!1m0!1m5!1m1!1s0x4799ce2a33b8be45:0x8c81557c45c3f28a!2m2!1d9.2190344!2d48.8791291\" target=\"_blank\" rel=\"noopener\"><strong>KLICK<\/strong><\/a> zu Google maps.<\/p>\n\t\t\t\tB\u00fcrozeiten und Kontakt\n<h3>Unser B\u00fcro ist ge\u00f6ffnet:<\/h3>\n<p>Montag \u00a0 \u00a0 \u00a0 \u00a09.00 &#8211; 14.00 Uhr<br \/>Dienstag \u00a0 \u00a0 \u00a09:00 &#8211; 14.00 Uhr<br \/>Mittwoch \u00a0 \u00a0 9.00 &#8211; 13.00 Uhr und 15.00 &#8211; 18.00 Uhr<br \/>Donnerstag 9.00 &#8211; 13.00 Uhr und 15.00 &#8211; 18.00 Uhr<br \/>Freitag \u00a0 \u00a0 \u00a0 \u00a0 9.00 &#8211; 14.00 Uhr<\/p>\n<p><strong>Telefon:<\/strong><br \/><a href=\"telefon:004971412980809\">+49 7141 2980809<\/a><\/p>\n<p><strong>E-Mail:<\/strong><br \/><a href=\"mailto:info@deutsch-richtig.de\">info@deutsch-richtig.de<\/a><\/p>\n<p><strong>Wir sprechen:<\/strong><br \/>Deutsch, Arabisch, Englisch, Farsi, Russisch, Spanisch, Tamil, Ukrainisch<\/p>\n\t\t\t\tF\u00fcr welchen Kurs melde ich mich an?\n\t\t\t\t<p><strong>Deutsch-richtig unterst\u00fctzt Sie dabei, den richtigen Kurs f\u00fcr Sie zu finden.<\/strong><\/p>\n<p>Bitte rufen Sie uns an!<\/p>\n<p>Telefonnummer: <a href=\"tel:004971412980809\">+49 7141 2980809<\/a><\/p>\n<p><strong>Damit wir den richtigen Kurs f\u00fcr Sie finden, <\/strong>wird zu diesem Termin ein <strong>Einstufungstest<\/strong> f\u00fcr Sie gemacht. Dieser dauert ungef\u00e4hr 30 Minuten. Wir haben Dolmetscher.<\/p>\n<p><strong>Das Ergebnis der Beratung bei Deutsch-richtig ist:<\/strong><\/p>\n<ul>\n<li>Sie wissen, welcher Kurs f\u00fcr Sie passt.<\/li>\n<li>Sie wissen, wann der n\u00e4chste passende Kurs f\u00fcr Sie startet.<\/li>\n<li>Sie bekommen eine Anmeldebest\u00e4tigung f\u00fcr das Jobcenter, das Landratsamt oder die Botschaft.<\/li>\n<\/ul>\n<p>Eine Woche vor Kursstart bekommen Sie einen Anruf oder einen Brief mit allen wichtigen Informationen zum Kurs.<\/p>\n<p>Sie starten den Kurs entweder in der Netzestra\u00dfe oder in der K\u00f6rnerstra\u00dfe oder in der Heilbronnerstra\u00dfe. Wir geben Ihnen genau Bescheid.<\/p>\n<p><a href=\"https:\/\/deutsch-richtig.de\/einfache_sprache\/kurse\/\"><strong>Alle Kurse im \u00dcberblick<\/strong><\/a><\/p>\n\t\t\t\tWas brauche ich bei meiner Anmeldung zu einem DeuF\u00f6V \/ Berufssprachkurs?\n\t\t\t\t<ol>\n<li><strong>Ausweis<\/strong><\/li>\n<li>Das letzte <strong>Sprachzertifikat<\/strong><\/li>\n<li><strong>Berechtigungsschein<\/strong> des Bundesamts f\u00fcr Migration und Fl\u00fcchtlinge <strong>oder<\/strong> der Agentur f\u00fcr Arbeit <strong>oder<\/strong> des Jobcenters<\/li>\n<\/ol>\n<p>Teilnahme <strong>ohne<\/strong> <strong>Berechtigungsschein<\/strong> ist <strong>nicht<\/strong> <strong>m\u00f6glich<\/strong>.<\/p>\n\t\t\t\tWas brauche ich bei meiner Anmeldung zu einem Integrations-Kurs?\n\t\t\t\t<ol>\n<li><strong>Einstufungs-Test<\/strong> (Dauer 30 Minuten; bei uns im B\u00fcro)<\/li>\n<li><strong>Ausweis<\/strong><\/li>\n<li>Aktuellen <strong>Bescheid<\/strong> der Agentur f\u00fcr Arbeit <strong>oder<\/strong> des Jobcenters, <strong>wenn<\/strong> Sie von einer dieser Stellen <u>Leistungen<\/u> beziehen<\/li>\n<li><strong>Zulassung<\/strong> des Bundesamts f\u00fcr Migration und Fl\u00fcchtlinge (BAMF) <strong>oder<\/strong> <strong>Verpflichtung<\/strong> durch die Ausl\u00e4nderbeh\u00f6rde, <strong>wenn<\/strong> Sie schon Unterlagen haben.<\/li>\n<\/ol>\n\t\t\t\tWas kostet die Teilnahme an einem Integrations-Kurs?\n\t\t\t\t<h5>Der Sprachkurs ist f\u00fcr Sie kostenlos<\/h5>\n<ul>\n<li>wenn Sie Leistungen vom Jobcenter bekommen<\/li>\n<li>wenn Sie Leistungen von der Agentur f\u00fcr Arbeit bekommen<\/li>\n<li>wenn Sie Leistungen vom Landratsamt bekommen.<\/li>\n<\/ul>\n<h5><strong>Sie bezahlen als &#8220;Zuzahler&#8221; nur einen Teil<\/strong><\/h5>\n<ul>\n<li>wenn Sie arbeiten<\/li>\n<li>wenn Ihr Ehemann, Ihre Ehfrau arbeitet<\/li>\n<li>wenn Sie eine Bewilligung zur Teilnahme an einem Integrationskurs haben<\/li>\n<li>wenn Sie eine Verpflichtung von der Ausl\u00e4nderbeh\u00f6rde haben.<\/li>\n<\/ul>\n<p>Sie bezahlen dann <strong>229 Euro f\u00fcr 100 Unterrichts-Einheiten<\/strong>.<br \/>Sie bezahlen Ihre Fahrkosten.<\/p>\n<p><strong>DTZ-Pr\u00fcfung bestanden?<\/strong> \u00a0 \u00a0 \u00a0 \u00a0 \u00a0 \u00a0 \u00a0 \u00a0 \u00a0 \u00a0 \u00a0 \u00a0 \u00a0 \u00a0 \u00a0 \u00a0 \u00a0 \u00a0 \u00a0 \u00a0 \u00a0<strong>Das Bundesamt zahlt 50%<\/strong><strong>\u00a0<\/strong><strong>zur\u00fcck<\/strong>. Somit haben Sie am Ende f\u00fcr den erfolgreich absolvierten Kurs nur ein Viertel der Kosten bezahlt.<\/p>\n<h5><strong>Sie sind Selbstzahler<\/strong><\/h5>\n<ul>\n<li>wenn Sie keine Verpflichtung oder Zulassung haben<\/li>\n<li>wenn es keine sonstige Kosten\u00fcbernahme durch das Landratsamt oder \u00e4hnliche Stellen gibt (Einzelfallf\u00f6rderung)<\/li>\n<\/ul>\n<p>Sie bezahlen 458 Euro f\u00fcr 100 Unterrichtseinheiten.<br \/>Sie bezahlen Ihre Fahrt-Kosten.<\/p>\n\t\t\t\tIch m\u00f6chte mein Kind in der Kinderbetreuung anmelden\n\t\t\t\t<p><strong>Wenn Sie bei Deutsch-richtig in der Netzestra\u00dfe einen Kurs besuchen, k\u00f6nnen Sie Ihre Kinder f\u00fcr die Kinderbetreuung anmelden.<\/strong><\/p>\n<p>F\u00fcr die Kinder unserer Kursteilnehmer bieten wir in der Netzestra\u00dfe vor- und nachmittags eine Kinderbetreuung an. W\u00e4hrend Mama oder Papa Deutsch lernen, sind die Kinder im Alter von 4 Monaten bis zum Kindergarten von liebevollen und engagierten Kinderbetreuerinnen gut versorgt.<\/p>\n<p>Sie brauchen:<\/p>\n<ul>\n<li>Ausweis des Kindes <strong>oder<\/strong> Geburtsurkunde.<\/li>\n<\/ul>\n\t\t\t\tIch m\u00f6chte eine Pr\u00fcfung wiederholen\n\t\t\t\t<p>Eine Anmeldung ist nur pers\u00f6nlich im B\u00fcro m\u00f6glich.<\/p>\n<p><strong>Bitte rufen Sie uns an!<\/strong><\/p>\n<p>Wir vereinbaren einen Termin f\u00fcr eine Beratung.<br \/><a href=\"telefon:004971412980809\">+49 7141 2980809<\/a><\/p>\n\t\t\t\tIch m\u00f6chte bei Deutsch-richtig arbeiten!\n\t\t\t\t<p><strong>Bewerbungen bitte per E-Mail mit Lebenslauf an:<br \/><\/strong>Sprachschule Deutsch-richtig<br \/>Frau Katrin Vogel-Ratnam<br \/><strong>E-Mail Adresse: <\/strong><a href=\"mailto:katrin.vogel@deutsch-richtig.de\"><strong>katrin.vogel@deutsch-richtig.de<\/strong><\/a><\/p>\n<p>Sie erwartet eine interessante und vielf\u00e4ltige T\u00e4tigkeit, ein guter Teamgeist und motivierte Kursteilnehmer. Ihr Engagement und ihre Ideen f\u00fcr abwechslungsreichen und lebendigen Unterricht sind willkommen.<\/p>","protected":false},"excerpt":{"rendered":"<p>Fragen &#038; Antworten Ich m\u00f6chte den Weg zu Deutsch-richtig finden Unsere Adresse ist:Deutsch-richtigNetzestra\u00dfe 3271638 Ludwigsburg Sie brauchen 10-15 Minuten vom ZOB Ludwigsburg: mit dem Bus 427 (Netzestra\u00dfe oder Theo-Lorch Werkst\u00e4tten) mit dem Bus 533 (Theo-Lorch Werkst\u00e4tten). Von der Bushaltestelle k\u00f6nnen Sie in zwei Minuten zu uns kommen. Wir sind direkt neben ALDI. KLICK zu Google [&hellip;]<\/p>","protected":false},"author":1,"featured_media":0,"parent":0,"menu_order":0,"comment_status":"closed","ping_status":"closed","template":"","meta":{"site-sidebar-layout":"no-sidebar","site-content-layout":"page-builder","ast-site-content-layout":"default","site-content-style":"default","site-sidebar-style":"default","ast-global-header-display":"","ast-banner-title-visibility":"","ast-main-header-display":"","ast-hfb-above-header-display":"","ast-hfb-below-header-display":"","ast-hfb-mobile-header-display":"","site-post-title":"disabled","ast-breadcrumbs-content":"","ast-featured-img":"disabled","footer-sml-layout":"","theme-transparent-header-meta":"default","adv-header-id-meta":"","stick-header-meta":"default","header-above-stick-meta":"","header-main-stick-meta":"","header-below-stick-meta":"","astra-migrate-meta-layouts":"default","ast-page-background-enabled":"default","ast-page-background-meta":{"desktop":{"background-color":"","background-image":"","background-repeat":"repeat","background-position":"center center","background-size":"auto","background-attachment":"scroll","background-type":"","background-media":"","overlay-type":"","overlay-color":"","overlay-opacity":"","overlay-gradient":""},"tablet":{"background-color":"","background-image":"","background-repeat":"repeat","background-position":"center center","background-size":"auto","background-attachment":"scroll","background-type":"","background-media":"","overlay-type":"","overlay-color":"","overlay-opacity":"","overlay-gradient":""},"mobile":{"background-color":"","background-image":"","background-repeat":"repeat","background-position":"center center","background-size":"auto","background-attachment":"scroll","background-type":"","background-media":"","overlay-type":"","overlay-color":"","overlay-opacity":"","overlay-gradient":""}},"ast-content-background-meta":{"desktop":{"background-color":"var(--ast-global-color-5)","background-image":"","background-repeat":"repeat","background-position":"center center","background-size":"auto","background-attachment":"scroll","background-type":"","background-media":"","overlay-type":"","overlay-color":"","overlay-opacity":"","overlay-gradient":""},"tablet":{"background-color":"var(--ast-global-color-5)","background-image":"","background-repeat":"repeat","background-position":"center center","background-size":"auto","background-attachment":"scroll","background-type":"","background-media":"","overlay-type":"","overlay-color":"","overlay-opacity":"","overlay-gradient":""},"mobile":{"background-color":"var(--ast-global-color-5)","background-image":"","background-repeat":"repeat","background-position":"center center","background-size":"auto","background-attachment":"scroll","background-type":"","background-media":"","overlay-type":"","overlay-color":"","overlay-opacity":"","overlay-gradient":""}},"footnotes":""},"class_list":["post-192","page","type-page","status-publish","hentry"],"_links":{"self":[{"href":"https:\/\/deutsch-richtig.de\/einfache_sprache\/wp-json\/wp\/v2\/pages\/192","targetHints":{"allow":["GET"]}}],"collection":[{"href":"https:\/\/deutsch-richtig.de\/einfache_sprache\/wp-json\/wp\/v2\/pages"}],"about":[{"href":"https:\/\/deutsch-richtig.de\/einfache_sprache\/wp-json\/wp\/v2\/types\/page"}],"author":[{"embeddable":true,"href":"https:\/\/deutsch-richtig.de\/einfache_sprache\/wp-json\/wp\/v2\/users\/1"}],"replies":[{"embeddable":true,"href":"https:\/\/deutsch-richtig.de\/einfache_sprache\/wp-json\/wp\/v2\/comments?post=192"}],"version-history":[{"count":11,"href":"https:\/\/deutsch-richtig.de\/einfache_sprache\/wp-json\/wp\/v2\/pages\/192\/revisions"}],"predecessor-version":[{"id":1259,"href":"https:\/\/deutsch-richtig.de\/einfache_sprache\/wp-json\/wp\/v2\/pages\/192\/revisions\/1259"}],"wp:attachment":[{"href":"https:\/\/deutsch-richtig.de\/einfache_sprache\/wp-json\/wp\/v2\/media?parent=192"}],"curies":[{"name":"wp","href":"https:\/\/api.w.org\/{rel}","templated":true}]}}