{"id":65,"date":"2021-04-15T11:35:17","date_gmt":"2021-04-15T09:35:17","guid":{"rendered":"https:\/\/deutsch-richtig.de\/?page_id=65"},"modified":"2025-03-10T21:19:57","modified_gmt":"2025-03-10T20:19:57","slug":"unsere-schule","status":"publish","type":"page","link":"https:\/\/deutsch-richtig.de\/einfache_sprache\/wer-sind-wir\/unsere-schule\/","title":{"rendered":"Unsere Schule"},"content":{"rendered":"<h1>\n\t\tUnsere Schule\n\t<\/h1>\n<h4>\n\t\t<strong>Zahlen und Fakten zu Deutsch-richtig<\/strong>\n\t<\/h4>\n\t<p>Die Sprachschule Deutsch-richtig wurde <strong>2015<\/strong> gegr\u00fcndet.<\/p>\n<p><strong>Seit<\/strong> <strong>2016<\/strong> sind wir in der <strong>Netzstra\u00dfe 32<\/strong> im Stadtteil Ludwigsburg &#8211; Gr\u00fcnb\u00fchl. Dort ist unser Hauptsitz.<\/p>\n<p>Wir unterrichten auch in<\/p>\n<ul>\n<li><strong>LUDWIGSBURG<\/strong>:\n<ul>\n<li>Netzstra\u00dfe 14<\/li>\n<li>Friedrichstra\u00dfe 171<\/li>\n<li>MARSTALL Center<\/li>\n<\/ul>\n<\/li>\n<li><strong>ASPERG<\/strong>:\n<ul>\n<li>Lehenfeld 25<\/li>\n<li>Filsstra\u00dfe 8-10<\/li>\n<\/ul>\n<\/li>\n<li><strong>BIETIGHEIM-BISSINGEN<\/strong>:\n<ul>\n<li>Hirtenstra\u00dfe 18<\/li>\n<\/ul>\n<\/li>\n<li><strong>KORNTAL<\/strong>:\n<ul>\n<li>Saalplatz 4<\/li>\n<li>Schulstra\u00dfe 8<\/li>\n<li>Zuffenhauserstra\u00dfe 13<\/li>\n<\/ul>\n<\/li>\n<li><strong>MARKGR\u00d6NINGEN<\/strong>:\n<ul>\n<li>Graf-Hartmann-Stra\u00dfe 34<\/li>\n<\/ul>\n<\/li>\n<li><strong>SACHSENHEIM<\/strong>:\n<ul>\n<li>Goethestra\u00dfe 32<\/li>\n<\/ul>\n<\/li>\n<\/ul>\n\t<p><strong>Seit 2017<\/strong> sind wir<\/p>\n<ul>\n<li>zertifizierte Sprachschule (<strong>AZAV<\/strong>),<\/li>\n<li>offizielles <strong>telc<\/strong> <strong>Pr\u00fcfungszentrum<\/strong> und<\/li>\n<li><strong>telc Kompetezzentrum<\/strong> C1 Hochschule.<\/li>\n<\/ul>\n<strong>Wir kooperieren<\/strong> mit vielen Institutionen<br \/>\nwie zum Beispiel <strong>Jobcenter<\/strong>, <strong>Agentur f\u00fcr Arbeit<\/strong>, <strong>Landratsamt<\/strong>, <strong>Migrationsdienste<\/strong> .\n<h3>\n\t\tBei Deutsch-richtig arbeiten\n\t<\/h3>\n\t\t<!-- Comment to fix spacing issue\n\t-->\n\t\t<h1>0<\/h1>\ngut ausgebildete<br \/>Lehrer*innen\n\t<!-- Comment to fix spacing issue\n\t-->\t\n\t\t<!-- Comment to fix spacing issue\n\t-->\n\t\t<h1>0<\/h1>\nmehrsprachige Kinderbetreuerinnen\n\t<!-- Comment to fix spacing issue\n\t-->\t\n\t\t<!-- Comment to fix spacing issue\n\t-->\n\t\t<h1>0<\/h1>\nB\u00fcromitarbeiter*innen\n\t<!-- Comment to fix spacing issue\n\t-->\t\n\t\t<!-- Comment to fix spacing issue\n\t-->\n\t\t<h1>0<\/h1>\nMitarbeiter im<br \/>Projekt\n\t<!-- Comment to fix spacing issue\n\t-->\t\n\t<strong>In unserem B\u00fcro sprechen wir viele Sprachen: <\/strong><br \/>\nDeutsch, Arabisch, Englisch, Farsi, Russisch, Spanisch, Tamil, Ukrainisch\n\t\t\t\t<img loading=\"lazy\" decoding=\"async\" src=\"https:\/\/deutsch-richtig.de\/wp-content\/uploads\/2021\/10\/DSC_6520.jpg\" alt=\"DSC_6520\" itemprop=\"image\" height=\"1725\" width=\"2500\" title=\"DSC_6520\" onerror=\"this.style.display='none'\"  \/>\n\tUnser besonderes Angebot ist eine <strong>Kinderbetreuung am Vor- und Nachmittag f\u00fcr die Kinder unserer Kursteilnehmer<\/strong>.<br \/>\nKinder im Alter von 6 Monaten bis 3 Jahren werden gut betreut, w\u00e4hrend die Eltern bei Deutsch-richtig in der Netzestra\u00dfe Deutsch lernen.\n\t<p><strong>Seit 2016 gibt es eine sozialp\u00e4dagogische Betreuung f\u00fcr alle unsere Kursteilnehmer <\/strong>zur Unterst\u00fctzung bei Alltagsproblemen oder auch bei Fragen zu Arbeit und Beruf.<\/p>\n\t\t\t\t<img loading=\"lazy\" decoding=\"async\" src=\"https:\/\/deutsch-richtig.de\/wp-content\/uploads\/2021\/10\/79373671_2798135390209270_4264871893221244928_n-800x532.jpg\" alt=\"79373671_2798135390209270_4264871893221244928_n\" itemprop=\"image\" height=\"532\" width=\"800\" title=\"79373671_2798135390209270_4264871893221244928_n\" onerror=\"this.style.display='none'\"  \/>\n\t\t\t\t<img loading=\"lazy\" decoding=\"async\" src=\"https:\/\/deutsch-richtig.de\/wp-content\/uploads\/2021\/10\/210316_Rueckenwind_Flyer_endf_aussen.jpg\" alt=\"210316_Rueckenwind_Flyer_endf_aussen\" itemprop=\"image\" height=\"1000\" width=\"476\" title=\"210316_Rueckenwind_Flyer_endf_aussen\" onerror=\"this.style.display='none'\"  \/>\n\t<p><b>Ein besonderes Angebot bei Deutsch-richtig war von Juni 2020 bis Dezember 2022 das Projekt \u201eR\u00fcckenwind f\u00fcr Frauen und ihre Familien&#8221;. <\/b>Das Projekt war als dreidimensionales, r\u00fcckenst\u00e4rkendes Unterst\u00fctzungssystem zur Selbstst\u00e4rkung von Migrantinnen in prek\u00e4ren Lebenslagen angelegt und wurde aus dem F\u00f6rderprogramm &#8220;Akti(F) &#8211; Aktiv f\u00fcr Familien und ihre Kinder&#8221; des Bundesministeriums f\u00fcr Arbeit und Soziales und des Europ\u00e4ischen Sozialfonds gef\u00f6rdert. Dank dieses Projektes konnten wir 123 Frauen in weiterf\u00fchrende Sprachkurse und in Besch\u00e4ftigung sowie zu weiteren Unterst\u00fctzungssystemen vermitteln. Mit der Einberufung des <b>Runden Tisches<\/b>\u00a0als Austausch- und Kommunikationsplattform konnten wir eine sehr gute Ausgangslage schaffen, um noch besser zielgruppenorientiert zu arbeiten. Erg\u00e4nzend zum Kurssystem haben wir eine muttersprachliche, kulturell verankerte soziale Beratungsstelle eingerichtet, die zu s\u00e4mtlichen famili\u00e4ren Hilfen, Lebensthemen und formalen Fragen im Zusammenhang mit Beh\u00f6rden auch nach Projektende ber\u00e4t.<\/p>\n\t<p><strong>Unsere Schule<\/strong><\/p>","protected":false},"excerpt":{"rendered":"<p>Unsere Schule Zahlen und Fakten zu Deutsch-richtig Die Sprachschule Deutsch-richtig wurde 2015 gegr\u00fcndet. Seit 2016 sind wir in der Netzstra\u00dfe 32 im Stadtteil Ludwigsburg &#8211; Gr\u00fcnb\u00fchl. Dort ist unser Hauptsitz. Wir unterrichten auch in LUDWIGSBURG: Netzstra\u00dfe 14 Friedrichstra\u00dfe 171 MARSTALL Center ASPERG: Lehenfeld 25 Filsstra\u00dfe 8-10 BIETIGHEIM-BISSINGEN: Hirtenstra\u00dfe 18 KORNTAL: Saalplatz 4 Schulstra\u00dfe 8 Zuffenhauserstra\u00dfe [&hellip;]<\/p>","protected":false},"author":1,"featured_media":0,"parent":35,"menu_order":0,"comment_status":"closed","ping_status":"closed","template":"","meta":{"site-sidebar-layout":"no-sidebar","site-content-layout":"page-builder","ast-site-content-layout":"default","site-content-style":"default","site-sidebar-style":"default","ast-global-header-display":"","ast-banner-title-visibility":"","ast-main-header-display":"","ast-hfb-above-header-display":"","ast-hfb-below-header-display":"","ast-hfb-mobile-header-display":"","site-post-title":"disabled","ast-breadcrumbs-content":"","ast-featured-img":"disabled","footer-sml-layout":"","theme-transparent-header-meta":"default","adv-header-id-meta":"","stick-header-meta":"default","header-above-stick-meta":"","header-main-stick-meta":"","header-below-stick-meta":"","astra-migrate-meta-layouts":"default","ast-page-background-enabled":"default","ast-page-background-meta":{"desktop":{"background-color":"","background-image":"","background-repeat":"repeat","background-position":"center center","background-size":"auto","background-attachment":"scroll","background-type":"","background-media":"","overlay-type":"","overlay-color":"","overlay-opacity":"","overlay-gradient":""},"tablet":{"background-color":"","background-image":"","background-repeat":"repeat","background-position":"center center","background-size":"auto","background-attachment":"scroll","background-type":"","background-media":"","overlay-type":"","overlay-color":"","overlay-opacity":"","overlay-gradient":""},"mobile":{"background-color":"","background-image":"","background-repeat":"repeat","background-position":"center center","background-size":"auto","background-attachment":"scroll","background-type":"","background-media":"","overlay-type":"","overlay-color":"","overlay-opacity":"","overlay-gradient":""}},"ast-content-background-meta":{"desktop":{"background-color":"var(--ast-global-color-5)","background-image":"","background-repeat":"repeat","background-position":"center center","background-size":"auto","background-attachment":"scroll","background-type":"","background-media":"","overlay-type":"","overlay-color":"","overlay-opacity":"","overlay-gradient":""},"tablet":{"background-color":"var(--ast-global-color-5)","background-image":"","background-repeat":"repeat","background-position":"center center","background-size":"auto","background-attachment":"scroll","background-type":"","background-media":"","overlay-type":"","overlay-color":"","overlay-opacity":"","overlay-gradient":""},"mobile":{"background-color":"var(--ast-global-color-5)","background-image":"","background-repeat":"repeat","background-position":"center center","background-size":"auto","background-attachment":"scroll","background-type":"","background-media":"","overlay-type":"","overlay-color":"","overlay-opacity":"","overlay-gradient":""}},"footnotes":""},"class_list":["post-65","page","type-page","status-publish","hentry"],"_links":{"self":[{"href":"https:\/\/deutsch-richtig.de\/einfache_sprache\/wp-json\/wp\/v2\/pages\/65","targetHints":{"allow":["GET"]}}],"collection":[{"href":"https:\/\/deutsch-richtig.de\/einfache_sprache\/wp-json\/wp\/v2\/pages"}],"about":[{"href":"https:\/\/deutsch-richtig.de\/einfache_sprache\/wp-json\/wp\/v2\/types\/page"}],"author":[{"embeddable":true,"href":"https:\/\/deutsch-richtig.de\/einfache_sprache\/wp-json\/wp\/v2\/users\/1"}],"replies":[{"embeddable":true,"href":"https:\/\/deutsch-richtig.de\/einfache_sprache\/wp-json\/wp\/v2\/comments?post=65"}],"version-history":[{"count":11,"href":"https:\/\/deutsch-richtig.de\/einfache_sprache\/wp-json\/wp\/v2\/pages\/65\/revisions"}],"predecessor-version":[{"id":1185,"href":"https:\/\/deutsch-richtig.de\/einfache_sprache\/wp-json\/wp\/v2\/pages\/65\/revisions\/1185"}],"up":[{"embeddable":true,"href":"https:\/\/deutsch-richtig.de\/einfache_sprache\/wp-json\/wp\/v2\/pages\/35"}],"wp:attachment":[{"href":"https:\/\/deutsch-richtig.de\/einfache_sprache\/wp-json\/wp\/v2\/media?parent=65"}],"curies":[{"name":"wp","href":"https:\/\/api.w.org\/{rel}","templated":true}]}}