{"id":73,"date":"2021-04-15T11:36:45","date_gmt":"2021-04-15T09:36:45","guid":{"rendered":"https:\/\/deutsch-richtig.de\/?page_id=73"},"modified":"2025-10-29T13:56:57","modified_gmt":"2025-10-29T12:56:57","slug":"kinderbetreuung","status":"publish","type":"page","link":"https:\/\/deutsch-richtig.de\/einfache_sprache\/angebote\/kinderbetreuung\/","title":{"rendered":"Kinderbeaufsichtigung"},"content":{"rendered":"<h1>\n\t\tKinderbeaufsichtigung\n\t<\/h1>\n\t<p><strong>Unsere integrationskursbegleitende Kinderbeaufsichtigung wird im Rahmen des ESF Plus-Programms \u201aIntegrationskurs mit Kind Plus: Perspektive durch Qualifizierung&#8217; durch das Bundesministerium f\u00fcr Familie, Senioren, Frauen und Jugend in Kooperation mit dem Bundesministerium des Innern und f\u00fcr Heimat sowie durch die Europ\u00e4ische Union \u00fcber den Europ\u00e4ischen Sozialfonds Plus (ESF Plus) gef\u00f6rdert.<\/strong><\/p>\n<p>Weitere Informationen zum Programm finden Sie unter:<\/p>\n\t\t\t\t<a href=\"https:\/\/www.fruehe-chancen.de\/intmikiplus\" target=\"_blank\" rel=\"noopener\"  itemprop=\"url\">\n\t\t\t\t<img loading=\"lazy\" decoding=\"async\" src=\"https:\/\/deutsch-richtig.de\/wp-content\/uploads\/2025\/10\/BMBFSFJ_Integrationskurs_Logo_RGB-002-scaled.jpg\" alt=\"BMBFSFJ_Integrationskurs_Logo_RGB (002)\" itemprop=\"image\" height=\"895\" width=\"2560\" title=\"BMBFSFJ_Integrationskurs_Logo_RGB (002)\" onerror=\"this.style.display='none'\"  \/>\n\t\t\t\t<\/a>\n\tF\u00fcr die Kinder unserer Kursteilnehmer bieten wir in der Netzestra\u00dfe vor- und nachmittags eine Kinderbetreuung an.<br \/>\nW\u00e4hrend Mama oder Papa Deutsch lernen, sind die Kinder im Alter von 6 Monaten bis zum Kindergarten von liebevollen und engagierten Kinderbetreuerinnen gut versorgt.\n<p>Sch\u00f6ne Spielzimmer und ein eigener Spielplatz garantieren den Kindern Freude beim Spielen, Basteln und Singen, viel Geborgenheit und auch erstes spielerisches Deutschlernen.<\/p>\n<p><strong>Wenn Sie bei Deutsch-richtig in der Netzestra\u00dfe einen Kurs besuchen, k\u00f6nnen Sie Ihre Kinder in der Kinderbetreuung anmelden.<\/strong><\/p>\n\t\t\t<a href=\"https:\/\/deutsch-richtig.de\/einfache_sprache\/kontakt\/\" target=\"_self\">\n\t\t\t\t\t\tFragen Sie in unserem B\u00fcro\n\t\t\t\t\t<\/a>\n<h2>\n\t\tUnser Kinderbetreuungs-Team stellt sich vor:\n\t<\/h2>\n\t\t\t\t<img loading=\"lazy\" decoding=\"async\" src=\"https:\/\/deutsch-richtig.de\/wp-content\/uploads\/2021\/09\/Basema-800x800.jpg\" alt=\"Basema\" itemprop=\"image\" height=\"800\" width=\"800\" title=\"Basema\" onerror=\"this.style.display='none'\"  \/>\n<h4>\n\t\tBasema Al Khalaf\n\t<\/h4>\n\t<p>Meine Arbeit mit kleinen Kindern in der Kinderbetreuung von Deutsch-richtig macht mir viel Spa\u00df. Ich selbst habe mit dieser Arbeit eine wichtige Chance bekommen. Hier kann ich einerseits bei der Sozialisation der Kinder helfen und andererseits deren M\u00fctter entlasten.<\/p>\n\t\t\t\t<img loading=\"lazy\" decoding=\"async\" src=\"https:\/\/deutsch-richtig.de\/wp-content\/uploads\/2021\/09\/Hameda.png\" alt=\"Hameda\" itemprop=\"image\" height=\"720\" width=\"720\" title=\"Hameda\" onerror=\"this.style.display='none'\"  \/>\n<h4>\n\t\tHameda Abas\n\t<\/h4>\n\t<p>Was mich bei meiner Arbeit besonders freut, ist, dass die Kinder aus so vielen verschiedenen L\u00e4ndern kommen. Das macht den Umgang mit ihnen noch vielseitiger, als es jedes der kleinen Individuen ohnehin schon mit sich bringt.<\/p>\n\t\t\t\t<img loading=\"lazy\" decoding=\"async\" src=\"https:\/\/deutsch-richtig.de\/wp-content\/uploads\/2021\/09\/Irina.png\" alt=\"Irina\" itemprop=\"image\" height=\"720\" width=\"720\" title=\"Irina\" onerror=\"this.style.display='none'\"  \/>\n<h4>\n\t\tIrina Kisner\n\t<\/h4>\n\t<p>Durch meine Arbeit unterst\u00fctze ich M\u00fctter dabei, Deutsch zu lernen, was f\u00fcr ihre und die Integration ihrer Familien so wichtig ist. Sie wissen ihre Kinder w\u00e4hrend des Unterrichts gut betreut und k\u00f6nnen sich ganz auf den Sprachunterricht konzentrieren.<\/p>\n\t\t\t\t<img loading=\"lazy\" decoding=\"async\" src=\"https:\/\/deutsch-richtig.de\/wp-content\/uploads\/2021\/09\/Lena-800x800.jpg\" alt=\"Lena\" itemprop=\"image\" height=\"800\" width=\"800\" title=\"Lena\" onerror=\"this.style.display='none'\"  \/>\n<h4>\n\t\tLena Schwarz\n\t<\/h4>\n\t<p>Mein Traum und meine Leidenschaft gilt schon immer der Arbeit mit Kindern. Ich war Lehrerin in der Ukraine. Hier habe ich die M\u00f6glichkeit, meinen Traum auch in Deutschland zu leben und dadurch M\u00fctter beim Lernen zu unterst\u00fctzen.<\/p>\n\t\t\t\t<img loading=\"lazy\" decoding=\"async\" src=\"https:\/\/deutsch-richtig.de\/wp-content\/uploads\/2025\/10\/Andriana-Parashchak-800x892.jpeg\" alt=\"Andriana Parashchak\" itemprop=\"image\" height=\"892\" width=\"800\" title=\"Andriana Parashchak\" onerror=\"this.style.display='none'\"  \/>\n<h4>\n\t\tAndriana Parashchak\n\t<\/h4>\n\tIch habe mich f\u00fcr den Beruf der Erzieherin entschieden, weil ich die Arbeit mit Kindern als etwas sehr Wertvolles empfinde. Kinder in ihrer Entwicklung zu begleiten, sie zu unterst\u00fctzen, zu f\u00f6rdern und auch in schwierigen Momenten f\u00fcr sie da zu sein, ist f\u00fcr mich nicht nur ein Beruf, sondern eine Herzensangelegenheit.<br \/>\nKinder sind neugierig, ehrlich und voller Energie &#8211; der Alltag mit ihnen ist abwechslungsreich und lebendig.\n\t\t\t\t<img loading=\"lazy\" decoding=\"async\" src=\"https:\/\/deutsch-richtig.de\/wp-content\/uploads\/2025\/10\/Muntaha-Alnaama-800x985.jpeg\" alt=\"Muntaha Alnaama\" itemprop=\"image\" height=\"985\" width=\"800\" title=\"Muntaha Alnaama\" onerror=\"this.style.display='none'\"  \/>\n<h4>\n\t\tMuntaha Alnaama\n\t<\/h4>\n\t<p>Ich habe mich f\u00fcr die Arbeit in der Kinderbetreuung entschieden, weil ich gerne mit Kindern zusammenarbeite und ihre Entwicklung miterleben m\u00f6chte. Es bereitet mir gro\u00dfe Freude, ihnen Sicherheit, Geborgenheit und Unterst\u00fctzung im Alltag zu geben. Es ist sch\u00f6n zu wissen, dass meine Arbeit einen positiven Einfluss auf das Leben der Kinder hat.<\/p>\n\t\t\t\t<img loading=\"lazy\" decoding=\"async\" src=\"https:\/\/deutsch-richtig.de\/wp-content\/uploads\/2025\/10\/Lama-Midani-800x1018.jpeg\" alt=\"Lama Midani\" itemprop=\"image\" height=\"1018\" width=\"800\" title=\"Lama Midani\" onerror=\"this.style.display='none'\"  \/>\n<h4>\n\t\tLama Midani\n\t<\/h4>\n\t<p>Die Arbeit mit Kindern bedeutet mir sehr viel, weil ich sie auf ihrem Weg des Wachsens und Lernens begleiten darf. Ich liebe es, ihre Entwicklung zu beobachten, ihre Neugier zu f\u00f6rdern und gemeinsam mit ihnen die Welt immer wieder neu zu entdecken. Ihre Ehrlichkeit, Lebensfreude und Kreativit\u00e4t bereichern meinen Alltag und geben mir viel Energie und Freude.<\/p>\n\t\t\t\t<img loading=\"lazy\" decoding=\"async\" src=\"https:\/\/deutsch-richtig.de\/wp-content\/uploads\/2025\/10\/Hadeer-Darwesh-800x948.jpeg\" alt=\"Hadeer Darwesh\" itemprop=\"image\" height=\"948\" width=\"800\" title=\"Hadeer Darwesh\" onerror=\"this.style.display='none'\"  \/>\n<h4>\n\t\tHadeer Darwesh\n\t<\/h4>\n\t<p>Ich arbeite sehr gern mit Kindern, weil mich ihre Begeisterung, Ehrlichkeit und Unschuld immer wieder ber\u00fchren. Ihre positive Energie motiviert mich, Teil ihrer Welt zu sein und sie in ihrer Entwicklung zu begleiten.<\/p>\n\t\t\t\t<img loading=\"lazy\" decoding=\"async\" src=\"https:\/\/deutsch-richtig.de\/wp-content\/uploads\/2025\/10\/BMFSFJ_BMI_ESF_Foerderlogo_RGB_A4.jpg\" alt=\"BMFSFJ_BMI_ESF_F\u00f6rderlogo_RGB_A4\" itemprop=\"image\" height=\"551\" width=\"1795\" title=\"BMFSFJ_BMI_ESF_F\u00f6rderlogo_RGB_A4\" onerror=\"this.style.display='none'\"  \/>","protected":false},"excerpt":{"rendered":"<p>Kinderbeaufsichtigung Unsere integrationskursbegleitende Kinderbeaufsichtigung wird im Rahmen des ESF Plus-Programms \u201aIntegrationskurs mit Kind Plus: Perspektive durch Qualifizierung&#8217; durch das Bundesministerium f\u00fcr Familie, Senioren, Frauen und Jugend in Kooperation mit dem Bundesministerium des Innern und f\u00fcr Heimat sowie durch die Europ\u00e4ische Union \u00fcber den Europ\u00e4ischen Sozialfonds Plus (ESF Plus) gef\u00f6rdert. Weitere Informationen zum Programm finden Sie [&hellip;]<\/p>","protected":false},"author":1,"featured_media":0,"parent":69,"menu_order":0,"comment_status":"closed","ping_status":"closed","template":"","meta":{"site-sidebar-layout":"no-sidebar","site-content-layout":"page-builder","ast-site-content-layout":"full-width-container","site-content-style":"unboxed","site-sidebar-style":"unboxed","ast-global-header-display":"","ast-banner-title-visibility":"","ast-main-header-display":"","ast-hfb-above-header-display":"","ast-hfb-below-header-display":"","ast-hfb-mobile-header-display":"","site-post-title":"disabled","ast-breadcrumbs-content":"","ast-featured-img":"disabled","footer-sml-layout":"","theme-transparent-header-meta":"default","adv-header-id-meta":"","stick-header-meta":"default","header-above-stick-meta":"","header-main-stick-meta":"","header-below-stick-meta":"","astra-migrate-meta-layouts":"set","ast-page-background-enabled":"default","ast-page-background-meta":{"desktop":{"background-color":"","background-image":"","background-repeat":"repeat","background-position":"center center","background-size":"auto","background-attachment":"scroll","background-type":"","background-media":"","overlay-type":"","overlay-color":"","overlay-opacity":"","overlay-gradient":""},"tablet":{"background-color":"","background-image":"","background-repeat":"repeat","background-position":"center center","background-size":"auto","background-attachment":"scroll","background-type":"","background-media":"","overlay-type":"","overlay-color":"","overlay-opacity":"","overlay-gradient":""},"mobile":{"background-color":"","background-image":"","background-repeat":"repeat","background-position":"center center","background-size":"auto","background-attachment":"scroll","background-type":"","background-media":"","overlay-type":"","overlay-color":"","overlay-opacity":"","overlay-gradient":""}},"ast-content-background-meta":{"desktop":{"background-color":"var(--ast-global-color-5)","background-image":"","background-repeat":"repeat","background-position":"center center","background-size":"auto","background-attachment":"scroll","background-type":"","background-media":"","overlay-type":"","overlay-color":"","overlay-opacity":"","overlay-gradient":""},"tablet":{"background-color":"var(--ast-global-color-5)","background-image":"","background-repeat":"repeat","background-position":"center center","background-size":"auto","background-attachment":"scroll","background-type":"","background-media":"","overlay-type":"","overlay-color":"","overlay-opacity":"","overlay-gradient":""},"mobile":{"background-color":"var(--ast-global-color-5)","background-image":"","background-repeat":"repeat","background-position":"center center","background-size":"auto","background-attachment":"scroll","background-type":"","background-media":"","overlay-type":"","overlay-color":"","overlay-opacity":"","overlay-gradient":""}},"footnotes":""},"class_list":["post-73","page","type-page","status-publish","hentry"],"_links":{"self":[{"href":"https:\/\/deutsch-richtig.de\/einfache_sprache\/wp-json\/wp\/v2\/pages\/73","targetHints":{"allow":["GET"]}}],"collection":[{"href":"https:\/\/deutsch-richtig.de\/einfache_sprache\/wp-json\/wp\/v2\/pages"}],"about":[{"href":"https:\/\/deutsch-richtig.de\/einfache_sprache\/wp-json\/wp\/v2\/types\/page"}],"author":[{"embeddable":true,"href":"https:\/\/deutsch-richtig.de\/einfache_sprache\/wp-json\/wp\/v2\/users\/1"}],"replies":[{"embeddable":true,"href":"https:\/\/deutsch-richtig.de\/einfache_sprache\/wp-json\/wp\/v2\/comments?post=73"}],"version-history":[{"count":11,"href":"https:\/\/deutsch-richtig.de\/einfache_sprache\/wp-json\/wp\/v2\/pages\/73\/revisions"}],"predecessor-version":[{"id":1301,"href":"https:\/\/deutsch-richtig.de\/einfache_sprache\/wp-json\/wp\/v2\/pages\/73\/revisions\/1301"}],"up":[{"embeddable":true,"href":"https:\/\/deutsch-richtig.de\/einfache_sprache\/wp-json\/wp\/v2\/pages\/69"}],"wp:attachment":[{"href":"https:\/\/deutsch-richtig.de\/einfache_sprache\/wp-json\/wp\/v2\/media?parent=73"}],"curies":[{"name":"wp","href":"https:\/\/api.w.org\/{rel}","templated":true}]}}