{"id":79,"date":"2021-04-15T11:38:08","date_gmt":"2021-04-15T09:38:08","guid":{"rendered":"https:\/\/deutsch-richtig.de\/?page_id=79"},"modified":"2025-05-14T22:06:07","modified_gmt":"2025-05-14T20:06:07","slug":"projekt-rueckenwind","status":"publish","type":"page","link":"https:\/\/deutsch-richtig.de\/einfache_sprache\/projekte\/projekt-rueckenwind\/","title":{"rendered":"Projekt R\u00fcckenwind"},"content":{"rendered":"<h1>\n\t\tDas Projekt R\u00fcckenwind: <br \/>&#8220;Akti(F) f\u00fcr Familien und ihre Kinder&#8221;\n\t<\/h1>\n\t<p><b>Ein besonderes Angebot bei Deutsch-richtig war seit Juni 2020 bis Dezember 2022 das Projekt \u201eR\u00fcckenwind f\u00fcr Frauen und ihre Familien&#8221;.\u00a0<\/b>Das Projekt war als Drei-dimensionales, r\u00fcckenst\u00e4rkendes Unterst\u00fctzungssystem zur Selbstst\u00e4rkung von Migrantinnen in prek\u00e4ren Lebenslagen angelegt und wurde aus dem F\u00f6rderprogramm &#8220;Akti(F) &#8211; Aktiv f\u00fcr Familien und ihre Kinder&#8221; des Bundesministeriums f\u00fcr Arbeit und Soziales und des Europ\u00e4ischen Sozialfonds gef\u00f6rdert.<\/p>\n<p>Dank dieses Projektes konnten wir 123 Frauen in weiterf\u00fchrende Sprachkurse und in Besch\u00e4ftigung sowie zu weiteren Unterst\u00fctzungssystemen vermitteln.<\/p>\n<p>Mit der Einberufung des\u00a0<b>Runden Tisches<\/b>\u00a0als Austausch- und Kommunikationsplattform konnten wir eine sehr gute Ausgangslage schaffen, um noch besser zielgruppenorientiert zu arbeiten. Erg\u00e4nzend zum Kurssystem haben wir eine muttersprachliche, kulturell verankerte soziale Beratungsstelle eingerichtet, die zu s\u00e4mtlichen famili\u00e4ren Hilfen, Lebensthemen und formalen Fragen im Zusammenhang mit Beh\u00f6rden auch nach Projektende ber\u00e4t.<\/p>\n\t<p>Das Projekt R\u00fcckenwind f\u00fcr Frauen und ihre Familien wird im Rahmen des Modellprogramms \u201eAkti(F) &#8211; Aktiv f\u00fcr Familien und ihre Kinder&#8221; durch das Bundesministerium f\u00fcr Arbeit und Soziales und den Europ\u00e4ischen Sozialfonds gef\u00f6rdert.<\/p>\n\t\t\t\t<img loading=\"lazy\" decoding=\"async\" src=\"https:\/\/deutsch-richtig.de\/wp-content\/uploads\/2021\/10\/Footer.jpg\" alt=\"F\u00f6rderung R\u00fcckenwind\" itemprop=\"image\" height=\"280\" width=\"2000\" title=\"F\u00f6rderung R\u00fcckenwind\" onerror=\"this.style.display='none'\"  \/>","protected":false},"excerpt":{"rendered":"<p>Das Projekt R\u00fcckenwind: &#8220;Akti(F) f\u00fcr Familien und ihre Kinder&#8221; Ein besonderes Angebot bei Deutsch-richtig war seit Juni 2020 bis Dezember 2022 das Projekt \u201eR\u00fcckenwind f\u00fcr Frauen und ihre Familien&#8221;.\u00a0Das Projekt war als Drei-dimensionales, r\u00fcckenst\u00e4rkendes Unterst\u00fctzungssystem zur Selbstst\u00e4rkung von Migrantinnen in prek\u00e4ren Lebenslagen angelegt und wurde aus dem F\u00f6rderprogramm &#8220;Akti(F) &#8211; Aktiv f\u00fcr Familien und ihre [&hellip;]<\/p>","protected":false},"author":1,"featured_media":0,"parent":860,"menu_order":1,"comment_status":"closed","ping_status":"closed","template":"","meta":{"site-sidebar-layout":"no-sidebar","site-content-layout":"page-builder","ast-site-content-layout":"default","site-content-style":"default","site-sidebar-style":"default","ast-global-header-display":"","ast-banner-title-visibility":"","ast-main-header-display":"","ast-hfb-above-header-display":"","ast-hfb-below-header-display":"","ast-hfb-mobile-header-display":"","site-post-title":"disabled","ast-breadcrumbs-content":"","ast-featured-img":"disabled","footer-sml-layout":"","theme-transparent-header-meta":"default","adv-header-id-meta":"","stick-header-meta":"default","header-above-stick-meta":"","header-main-stick-meta":"","header-below-stick-meta":"","astra-migrate-meta-layouts":"default","ast-page-background-enabled":"default","ast-page-background-meta":{"desktop":{"background-color":"","background-image":"","background-repeat":"repeat","background-position":"center center","background-size":"auto","background-attachment":"scroll","background-type":"","background-media":"","overlay-type":"","overlay-color":"","overlay-opacity":"","overlay-gradient":""},"tablet":{"background-color":"","background-image":"","background-repeat":"repeat","background-position":"center center","background-size":"auto","background-attachment":"scroll","background-type":"","background-media":"","overlay-type":"","overlay-color":"","overlay-opacity":"","overlay-gradient":""},"mobile":{"background-color":"","background-image":"","background-repeat":"repeat","background-position":"center center","background-size":"auto","background-attachment":"scroll","background-type":"","background-media":"","overlay-type":"","overlay-color":"","overlay-opacity":"","overlay-gradient":""}},"ast-content-background-meta":{"desktop":{"background-color":"var(--ast-global-color-5)","background-image":"","background-repeat":"repeat","background-position":"center center","background-size":"auto","background-attachment":"scroll","background-type":"","background-media":"","overlay-type":"","overlay-color":"","overlay-opacity":"","overlay-gradient":""},"tablet":{"background-color":"var(--ast-global-color-5)","background-image":"","background-repeat":"repeat","background-position":"center center","background-size":"auto","background-attachment":"scroll","background-type":"","background-media":"","overlay-type":"","overlay-color":"","overlay-opacity":"","overlay-gradient":""},"mobile":{"background-color":"var(--ast-global-color-5)","background-image":"","background-repeat":"repeat","background-position":"center center","background-size":"auto","background-attachment":"scroll","background-type":"","background-media":"","overlay-type":"","overlay-color":"","overlay-opacity":"","overlay-gradient":""}},"footnotes":""},"class_list":["post-79","page","type-page","status-publish","hentry"],"_links":{"self":[{"href":"https:\/\/deutsch-richtig.de\/einfache_sprache\/wp-json\/wp\/v2\/pages\/79","targetHints":{"allow":["GET"]}}],"collection":[{"href":"https:\/\/deutsch-richtig.de\/einfache_sprache\/wp-json\/wp\/v2\/pages"}],"about":[{"href":"https:\/\/deutsch-richtig.de\/einfache_sprache\/wp-json\/wp\/v2\/types\/page"}],"author":[{"embeddable":true,"href":"https:\/\/deutsch-richtig.de\/einfache_sprache\/wp-json\/wp\/v2\/users\/1"}],"replies":[{"embeddable":true,"href":"https:\/\/deutsch-richtig.de\/einfache_sprache\/wp-json\/wp\/v2\/comments?post=79"}],"version-history":[{"count":33,"href":"https:\/\/deutsch-richtig.de\/einfache_sprache\/wp-json\/wp\/v2\/pages\/79\/revisions"}],"predecessor-version":[{"id":968,"href":"https:\/\/deutsch-richtig.de\/einfache_sprache\/wp-json\/wp\/v2\/pages\/79\/revisions\/968"}],"up":[{"embeddable":true,"href":"https:\/\/deutsch-richtig.de\/einfache_sprache\/wp-json\/wp\/v2\/pages\/860"}],"wp:attachment":[{"href":"https:\/\/deutsch-richtig.de\/einfache_sprache\/wp-json\/wp\/v2\/media?parent=79"}],"curies":[{"name":"wp","href":"https:\/\/api.w.org\/{rel}","templated":true}]}}