{"id":81,"date":"2021-04-15T11:38:31","date_gmt":"2021-04-15T09:38:31","guid":{"rendered":"https:\/\/deutsch-richtig.de\/?page_id=81"},"modified":"2025-01-09T07:52:16","modified_gmt":"2025-01-09T06:52:16","slug":"arabischschule","status":"publish","type":"page","link":"https:\/\/deutsch-richtig.de\/einfache_sprache\/angebote\/arabischschule\/","title":{"rendered":"Arabischschule"},"content":{"rendered":"<h1>Arabischschule<\/h1>\r\n<h3>Muttersprachenunterricht f\u00fcr Kinder<\/h3>\r\n<p>Seit November 2019 gibt es bei Deutsch-richtig samstags Muttersprachenunterricht in Arabisch f\u00fcr Kinder unserer Teilnehmer sowie interessierter Familien aus Ludwigsburg und Umgebung.<\/p>\r\n<p>Die Lehrerinnen kommen dabei oft aus den Reihen unserer Teilnehmer. Sie sind sehr engagiert und freuen sich, dass sie ihre Muttersprache als Teil ihrer Kultur an die junge Generation weitergeben k\u00f6nnen. Auch damit wird Integration bei Deutsch-richtig gef\u00f6rdert. Wenn Sie Interesse haben, melden Sie sich bitte im B\u00fcro und fragen nach einer Anmeldung Ihrer Kinder f\u00fcr die Arabischschule.<\/p>\r\n<p><strong>Eine Anmeldung ist jederzeit im B\u00fcro m\u00f6glich.<\/strong><\/p>\r\n<p>Bitte rufen Sie uns an!<br \/>Telefonnummer: <a href=\"tel:004971412980809\">+49 7141 2980809<\/a><\/p>\r\n<h2>Hier stellt sich das Team der Arabischschule vor:<\/h2>\r\n<p><img loading=\"lazy\" decoding=\"async\" title=\"Omar\" src=\"https:\/\/deutsch-richtig.de\/wp-content\/uploads\/2021\/09\/Omar-800x801.jpg\" alt=\"Omar\" width=\"800\" height=\"801\" \/><\/p>\r\n<h4>Omar Altif Almouchrif<\/h4>\r\n<p>Die Arbeit in der Arabischschule bei Deutsch-richtig macht mir viel Freude. Zusammen mit der Schulleiterin Frau Vogel habe ich diesen Muttersprachunterricht organisiert und leite ihn eigenverantwortlich. Ich bin dankbar, dass die Kinder die Chance haben, Arabisch Lesen und Schreiben zu lernen und ihre F\u00e4higkeiten darin zu verbessern.<\/p>\r\n<p><img loading=\"lazy\" decoding=\"async\" title=\"Amena\" src=\"https:\/\/deutsch-richtig.de\/wp-content\/uploads\/2021\/09\/Amena-800x801.jpg\" alt=\"Amena\" width=\"800\" height=\"801\" \/><\/p>\r\n<h4>Amena Al Yassin<\/h4>\r\n<p>Ich arbeite gern in der Arabischschule bei Deutsch-richtig, weil ich hier, so wie in Syrien, mit Kindern arbeiten kann. Ich helfe damit Kindern aus arabischen L\u00e4ndern, das Lesen und Schreiben in ihrer Muttersprache zu erlernen und ein St\u00fcck arabische Kultur zu erhalten.<\/p>\r\n<p><img loading=\"lazy\" decoding=\"async\" title=\"Rania_AS\" src=\"https:\/\/deutsch-richtig.de\/wp-content\/uploads\/2021\/09\/Rania_AS-800x801.jpg\" alt=\"Rania_AS\" width=\"800\" height=\"801\" \/><\/p>\r\n<h4>Rania Ashak<\/h4>\r\n<p>Ich arbeite gern in der Arabischschule bei Deutsch-richtig, weil ich hier die Chance habe, mit Kindern zu lernen und mit ihnen zusammen die Welt zu entdecken. Damit helfe ich, dass die Kinder aus arabischen L\u00e4ndern ihre Muttersprache nicht vergessen.<\/p>\r\n<p><img loading=\"lazy\" decoding=\"async\" title=\"Sawsan_AS\" src=\"https:\/\/deutsch-richtig.de\/wp-content\/uploads\/2021\/09\/Sawsan_AS-800x800.jpg\" alt=\"Sawsan_AS\" width=\"800\" height=\"800\" \/><\/p>\r\n<h4>Sawsan Alanan<\/h4>\r\n<p>Ich arbeite gern in der Arabischschule bei Deutsch-richtig, weil ich hier helfen kann, dass die Kinder aus arabischen L\u00e4ndern ihre Muttersprache richtig lernen oder sie nicht vergessen. Die Arbeit mit den Kindern macht mir viel Spa\u00df.<\/p>","protected":false},"excerpt":{"rendered":"<p>Arabischschule Muttersprachenunterricht f\u00fcr Kinder Seit November 2019 gibt es bei Deutsch-richtig samstags Muttersprachenunterricht in Arabisch f\u00fcr Kinder unserer Teilnehmer sowie interessierter Familien aus Ludwigsburg und Umgebung. Die Lehrerinnen kommen dabei oft aus den Reihen unserer Teilnehmer. Sie sind sehr engagiert und freuen sich, dass sie ihre Muttersprache als Teil ihrer Kultur an die junge Generation [&hellip;]<\/p>","protected":false},"author":1,"featured_media":0,"parent":69,"menu_order":0,"comment_status":"closed","ping_status":"closed","template":"","meta":{"site-sidebar-layout":"no-sidebar","site-content-layout":"page-builder","ast-site-content-layout":"full-width-container","site-content-style":"unboxed","site-sidebar-style":"unboxed","ast-global-header-display":"","ast-banner-title-visibility":"","ast-main-header-display":"","ast-hfb-above-header-display":"","ast-hfb-below-header-display":"","ast-hfb-mobile-header-display":"","site-post-title":"disabled","ast-breadcrumbs-content":"","ast-featured-img":"disabled","footer-sml-layout":"","theme-transparent-header-meta":"default","adv-header-id-meta":"","stick-header-meta":"default","header-above-stick-meta":"","header-main-stick-meta":"","header-below-stick-meta":"","astra-migrate-meta-layouts":"set","ast-page-background-enabled":"default","ast-page-background-meta":{"desktop":{"background-color":"","background-image":"","background-repeat":"repeat","background-position":"center center","background-size":"auto","background-attachment":"scroll","background-type":"","background-media":"","overlay-type":"","overlay-color":"","overlay-opacity":"","overlay-gradient":""},"tablet":{"background-color":"","background-image":"","background-repeat":"repeat","background-position":"center center","background-size":"auto","background-attachment":"scroll","background-type":"","background-media":"","overlay-type":"","overlay-color":"","overlay-opacity":"","overlay-gradient":""},"mobile":{"background-color":"","background-image":"","background-repeat":"repeat","background-position":"center center","background-size":"auto","background-attachment":"scroll","background-type":"","background-media":"","overlay-type":"","overlay-color":"","overlay-opacity":"","overlay-gradient":""}},"ast-content-background-meta":{"desktop":{"background-color":"var(--ast-global-color-5)","background-image":"","background-repeat":"repeat","background-position":"center center","background-size":"auto","background-attachment":"scroll","background-type":"","background-media":"","overlay-type":"","overlay-color":"","overlay-opacity":"","overlay-gradient":""},"tablet":{"background-color":"var(--ast-global-color-5)","background-image":"","background-repeat":"repeat","background-position":"center center","background-size":"auto","background-attachment":"scroll","background-type":"","background-media":"","overlay-type":"","overlay-color":"","overlay-opacity":"","overlay-gradient":""},"mobile":{"background-color":"var(--ast-global-color-5)","background-image":"","background-repeat":"repeat","background-position":"center center","background-size":"auto","background-attachment":"scroll","background-type":"","background-media":"","overlay-type":"","overlay-color":"","overlay-opacity":"","overlay-gradient":""}},"footnotes":""},"class_list":["post-81","page","type-page","status-publish","hentry"],"_links":{"self":[{"href":"https:\/\/deutsch-richtig.de\/einfache_sprache\/wp-json\/wp\/v2\/pages\/81","targetHints":{"allow":["GET"]}}],"collection":[{"href":"https:\/\/deutsch-richtig.de\/einfache_sprache\/wp-json\/wp\/v2\/pages"}],"about":[{"href":"https:\/\/deutsch-richtig.de\/einfache_sprache\/wp-json\/wp\/v2\/types\/page"}],"author":[{"embeddable":true,"href":"https:\/\/deutsch-richtig.de\/einfache_sprache\/wp-json\/wp\/v2\/users\/1"}],"replies":[{"embeddable":true,"href":"https:\/\/deutsch-richtig.de\/einfache_sprache\/wp-json\/wp\/v2\/comments?post=81"}],"version-history":[{"count":11,"href":"https:\/\/deutsch-richtig.de\/einfache_sprache\/wp-json\/wp\/v2\/pages\/81\/revisions"}],"predecessor-version":[{"id":1127,"href":"https:\/\/deutsch-richtig.de\/einfache_sprache\/wp-json\/wp\/v2\/pages\/81\/revisions\/1127"}],"up":[{"embeddable":true,"href":"https:\/\/deutsch-richtig.de\/einfache_sprache\/wp-json\/wp\/v2\/pages\/69"}],"wp:attachment":[{"href":"https:\/\/deutsch-richtig.de\/einfache_sprache\/wp-json\/wp\/v2\/media?parent=81"}],"curies":[{"name":"wp","href":"https:\/\/api.w.org\/{rel}","templated":true}]}}